{"id":368,"date":"2025-03-03T10:38:16","date_gmt":"2025-03-03T10:38:16","guid":{"rendered":"https:\/\/bollhoefer-coaching.de\/?page_id=368"},"modified":"2025-06-19T09:14:51","modified_gmt":"2025-06-19T09:14:51","slug":"impressum","status":"publish","type":"page","link":"http:\/\/www.bollhoefer-coaching.de\/en\/impressum\/","title":{"rendered":"Imprint"},"content":{"rendered":"<div data-elementor-type=\"wp-page\" data-elementor-id=\"368\" class=\"elementor elementor-368\">\n\t\t\t\t<div class=\"elementor-element elementor-element-dbc70fb e-flex e-con-boxed e-con e-parent\" data-id=\"dbc70fb\" data-element_type=\"container\">\n\t\t\t\t\t<div class=\"e-con-inner\">\n\t\t\t\t<div class=\"elementor-element elementor-element-f2ee2df elementor-widget elementor-widget-text-editor\" data-id=\"f2ee2df\" data-element_type=\"widget\" data-widget_type=\"text-editor.default\">\n\t\t\t\t<div class=\"elementor-widget-container\">\n\t\t\t\t\t\t\t\t\t<p id=\"x_verantwortlicher\" data-olk-copy-source=\"MessageBody\"><strong>Imprint<\/strong><br \/>Gabriele Bollh\u00f6fer<br \/>Platz der Kinderrechte 3<br \/>50937 K\u00f6ln<\/p><p data-olk-copy-source=\"MessageBody\"><strong>Contact<\/strong><br \/>Telefon: 0179 5464750<br \/>E-Mail: gabriele@bollhoefer-coaching.de<br \/><strong><br \/>Umsatzsteuer-ID<\/strong><br \/>Umsatzsteuer-Identifikationsnummer gem\u00e4\u00df \u00a7 27 a Umsatzsteuergesetz:<br \/>DE16991123<\/p><p><strong>Angaben zur Berufshaftpflichtversicherung<\/strong><br \/>Name und Sitz des Versicherers:<br \/>ADCURI GmbH<br \/>Lise-Meitner-Str. 1 \u2013 13<br \/>42119 Wuppertal<br \/>Geltungsraum der Versicherung: Deutschland<br \/><br \/><strong>Verbraucherstreitbeilegung\/ Universalschlichtungsstelle<\/strong><br \/>Ich bin nicht verpflichtet, an Streitbeilegungsverfahren vor einer<br \/>Verbraucherschlichtungsstelle teilzunehmen.<\/p><p>Quelle: <a href=\"https:\/\/www.e-recht24.de\">https:\/\/www.e-recht24.de<\/a><\/p>\t\t\t\t\t\t\t\t<\/div>\n\t\t\t\t<\/div>\n\t\t\t\t\t<\/div>\n\t\t\t\t<\/div>\n\t\t\t\t<\/div>","protected":false},"excerpt":{"rendered":"<p>ImpressumGabriele Bollh\u00f6ferPlatz der Kinderrechte 350937 K\u00f6ln KontaktTelefon: 0179 5464750E-Mail: gabriele@bollhoefer-coaching.deUmsatzsteuer-IDUmsatzsteuer-Identifikationsnummer gem\u00e4\u00df \u00a7 27 a Umsatzsteuergesetz:DE16991123 Angaben zur BerufshaftpflichtversicherungName und Sitz des Versicherers:ADCURI GmbHLise-Meitner-Str. 1 \u2013 1342119 WuppertalGeltungsraum der Versicherung: Deutschland Verbraucherstreitbeilegung\/ UniversalschlichtungsstelleIch bin nicht verpflichtet, an Streitbeilegungsverfahren vor einerVerbraucherschlichtungsstelle teilzunehmen. Quelle: https:\/\/www.e-recht24.de<\/p>","protected":false},"author":1,"featured_media":0,"parent":0,"menu_order":0,"comment_status":"closed","ping_status":"closed","template":"","meta":{"footnotes":""},"class_list":["post-368","page","type-page","status-publish","hentry"],"yoast_head":"<!-- This site is optimized with the Yoast SEO plugin v27.4 - https:\/\/yoast.com\/product\/yoast-seo-wordpress\/ -->\n<title>Impressum - Gabriele Bollh\u00f6fer Coaching<\/title>\n<meta name=\"robots\" content=\"index, follow, max-snippet:-1, max-image-preview:large, max-video-preview:-1\" \/>\n<link rel=\"canonical\" href=\"https:\/\/www.bollhoefer-coaching.de\/en\/impressum\/\" \/>\n<meta property=\"og:locale\" content=\"en_US\" \/>\n<meta property=\"og:type\" content=\"article\" \/>\n<meta property=\"og:title\" content=\"Impressum - Gabriele Bollh\u00f6fer Coaching\" \/>\n<meta property=\"og:description\" content=\"ImpressumGabriele Bollh\u00f6ferPlatz der Kinderrechte 350937 K\u00f6ln KontaktTelefon: 0179 5464750E-Mail: gabriele@bollhoefer-coaching.deUmsatzsteuer-IDUmsatzsteuer-Identifikationsnummer gem\u00e4\u00df \u00a7 27 a Umsatzsteuergesetz:DE16991123 Angaben zur BerufshaftpflichtversicherungName und Sitz des Versicherers:ADCURI GmbHLise-Meitner-Str. 1 \u2013 1342119 WuppertalGeltungsraum der Versicherung: Deutschland Verbraucherstreitbeilegung\/ UniversalschlichtungsstelleIch bin nicht verpflichtet, an Streitbeilegungsverfahren vor einerVerbraucherschlichtungsstelle teilzunehmen. Quelle: https:\/\/www.e-recht24.de\" \/>\n<meta property=\"og:url\" content=\"https:\/\/www.bollhoefer-coaching.de\/en\/impressum\/\" \/>\n<meta property=\"og:site_name\" content=\"Gabriele Bollh\u00f6fer Coaching\" \/>\n<meta property=\"article:modified_time\" content=\"2025-06-19T09:14:51+00:00\" \/>\n<meta name=\"twitter:card\" content=\"summary_large_image\" \/>\n<meta name=\"twitter:label1\" content=\"Est. reading time\" \/>\n\t<meta name=\"twitter:data1\" content=\"1 minute\" \/>\n<script type=\"application\/ld+json\" class=\"yoast-schema-graph\">{\"@context\":\"https:\\\/\\\/schema.org\",\"@graph\":[{\"@type\":\"WebPage\",\"@id\":\"https:\\\/\\\/www.bollhoefer-coaching.de\\\/impressum\\\/\",\"url\":\"https:\\\/\\\/www.bollhoefer-coaching.de\\\/impressum\\\/\",\"name\":\"Impressum - Gabriele Bollh\u00f6fer Coaching\",\"isPartOf\":{\"@id\":\"https:\\\/\\\/www.bollhoefer-coaching.de\\\/#website\"},\"datePublished\":\"2025-03-03T10:38:16+00:00\",\"dateModified\":\"2025-06-19T09:14:51+00:00\",\"breadcrumb\":{\"@id\":\"https:\\\/\\\/www.bollhoefer-coaching.de\\\/impressum\\\/#breadcrumb\"},\"inLanguage\":\"en-US\",\"potentialAction\":[{\"@type\":\"ReadAction\",\"target\":[\"https:\\\/\\\/www.bollhoefer-coaching.de\\\/impressum\\\/\"]}]},{\"@type\":\"BreadcrumbList\",\"@id\":\"https:\\\/\\\/www.bollhoefer-coaching.de\\\/impressum\\\/#breadcrumb\",\"itemListElement\":[{\"@type\":\"ListItem\",\"position\":1,\"name\":\"Startseite\",\"item\":\"https:\\\/\\\/www.bollhoefer-coaching.de\\\/\"},{\"@type\":\"ListItem\",\"position\":2,\"name\":\"Impressum\"}]},{\"@type\":\"WebSite\",\"@id\":\"https:\\\/\\\/www.bollhoefer-coaching.de\\\/#website\",\"url\":\"https:\\\/\\\/www.bollhoefer-coaching.de\\\/\",\"name\":\"Gabriele Bollh\u00f6fer Coaching\",\"description\":\"\",\"potentialAction\":[{\"@type\":\"SearchAction\",\"target\":{\"@type\":\"EntryPoint\",\"urlTemplate\":\"https:\\\/\\\/www.bollhoefer-coaching.de\\\/?s={search_term_string}\"},\"query-input\":{\"@type\":\"PropertyValueSpecification\",\"valueRequired\":true,\"valueName\":\"search_term_string\"}}],\"inLanguage\":\"en-US\"}]}<\/script>\n<!-- \/ Yoast SEO plugin. -->","yoast_head_json":{"title":"Impressum - Gabriele Bollh\u00f6fer Coaching","robots":{"index":"index","follow":"follow","max-snippet":"max-snippet:-1","max-image-preview":"max-image-preview:large","max-video-preview":"max-video-preview:-1"},"canonical":"https:\/\/www.bollhoefer-coaching.de\/en\/impressum\/","og_locale":"en_US","og_type":"article","og_title":"Impressum - Gabriele Bollh\u00f6fer Coaching","og_description":"ImpressumGabriele Bollh\u00f6ferPlatz der Kinderrechte 350937 K\u00f6ln KontaktTelefon: 0179 5464750E-Mail: gabriele@bollhoefer-coaching.deUmsatzsteuer-IDUmsatzsteuer-Identifikationsnummer gem\u00e4\u00df \u00a7 27 a Umsatzsteuergesetz:DE16991123 Angaben zur BerufshaftpflichtversicherungName und Sitz des Versicherers:ADCURI GmbHLise-Meitner-Str. 1 \u2013 1342119 WuppertalGeltungsraum der Versicherung: Deutschland Verbraucherstreitbeilegung\/ UniversalschlichtungsstelleIch bin nicht verpflichtet, an Streitbeilegungsverfahren vor einerVerbraucherschlichtungsstelle teilzunehmen. Quelle: https:\/\/www.e-recht24.de","og_url":"https:\/\/www.bollhoefer-coaching.de\/en\/impressum\/","og_site_name":"Gabriele Bollh\u00f6fer Coaching","article_modified_time":"2025-06-19T09:14:51+00:00","twitter_card":"summary_large_image","twitter_misc":{"Est. reading time":"1 minute"},"schema":{"@context":"https:\/\/schema.org","@graph":[{"@type":"WebPage","@id":"https:\/\/www.bollhoefer-coaching.de\/impressum\/","url":"https:\/\/www.bollhoefer-coaching.de\/impressum\/","name":"Impressum - Gabriele Bollh\u00f6fer Coaching","isPartOf":{"@id":"https:\/\/www.bollhoefer-coaching.de\/#website"},"datePublished":"2025-03-03T10:38:16+00:00","dateModified":"2025-06-19T09:14:51+00:00","breadcrumb":{"@id":"https:\/\/www.bollhoefer-coaching.de\/impressum\/#breadcrumb"},"inLanguage":"en-US","potentialAction":[{"@type":"ReadAction","target":["https:\/\/www.bollhoefer-coaching.de\/impressum\/"]}]},{"@type":"BreadcrumbList","@id":"https:\/\/www.bollhoefer-coaching.de\/impressum\/#breadcrumb","itemListElement":[{"@type":"ListItem","position":1,"name":"Startseite","item":"https:\/\/www.bollhoefer-coaching.de\/"},{"@type":"ListItem","position":2,"name":"Impressum"}]},{"@type":"WebSite","@id":"https:\/\/www.bollhoefer-coaching.de\/#website","url":"https:\/\/www.bollhoefer-coaching.de\/","name":"Gabriele Bollh\u00f6fer Coaching","description":"","potentialAction":[{"@type":"SearchAction","target":{"@type":"EntryPoint","urlTemplate":"https:\/\/www.bollhoefer-coaching.de\/?s={search_term_string}"},"query-input":{"@type":"PropertyValueSpecification","valueRequired":true,"valueName":"search_term_string"}}],"inLanguage":"en-US"}]}},"_links":{"self":[{"href":"http:\/\/www.bollhoefer-coaching.de\/en\/wp-json\/wp\/v2\/pages\/368","targetHints":{"allow":["GET"]}}],"collection":[{"href":"http:\/\/www.bollhoefer-coaching.de\/en\/wp-json\/wp\/v2\/pages"}],"about":[{"href":"http:\/\/www.bollhoefer-coaching.de\/en\/wp-json\/wp\/v2\/types\/page"}],"author":[{"embeddable":true,"href":"http:\/\/www.bollhoefer-coaching.de\/en\/wp-json\/wp\/v2\/users\/1"}],"replies":[{"embeddable":true,"href":"http:\/\/www.bollhoefer-coaching.de\/en\/wp-json\/wp\/v2\/comments?post=368"}],"version-history":[{"count":6,"href":"http:\/\/www.bollhoefer-coaching.de\/en\/wp-json\/wp\/v2\/pages\/368\/revisions"}],"predecessor-version":[{"id":2831,"href":"http:\/\/www.bollhoefer-coaching.de\/en\/wp-json\/wp\/v2\/pages\/368\/revisions\/2831"}],"wp:attachment":[{"href":"http:\/\/www.bollhoefer-coaching.de\/en\/wp-json\/wp\/v2\/media?parent=368"}],"curies":[{"name":"wp","href":"https:\/\/api.w.org\/{rel}","templated":true}]}}