{"id":37,"date":"2025-02-15T11:04:03","date_gmt":"2025-02-15T11:04:03","guid":{"rendered":"http:\/\/bollhoefer-coaching.de\/?page_id=37"},"modified":"2025-04-05T12:56:35","modified_gmt":"2025-04-05T12:56:35","slug":"beratung-und-training","status":"publish","type":"page","link":"https:\/\/www.bollhoefer-coaching.de\/en\/beratung-und-training\/","title":{"rendered":"Beratung und Training"},"content":{"rendered":"<div data-elementor-type=\"wp-page\" data-elementor-id=\"37\" class=\"elementor elementor-37\">\n\t\t\t\t<div class=\"elementor-element elementor-element-4c10c576 e-flex e-con-boxed e-con e-parent\" data-id=\"4c10c576\" data-element_type=\"container\" data-settings=\"{&quot;background_background&quot;:&quot;classic&quot;}\">\n\t\t\t\t\t<div class=\"e-con-inner\">\n\t\t<div class=\"elementor-element elementor-element-d958dfc e-con-full elementor-hidden-desktop elementor-hidden-tablet e-flex e-con e-child\" data-id=\"d958dfc\" data-element_type=\"container\">\n\t\t\t\t<div class=\"elementor-element elementor-element-5f5fe1e elementor-widget elementor-widget-heading\" data-id=\"5f5fe1e\" data-element_type=\"widget\" data-widget_type=\"heading.default\">\n\t\t\t\t<div class=\"elementor-widget-container\">\n\t\t\t\t\t<h2 class=\"elementor-heading-title elementor-size-default\"><a href=\"#Beratung\"><div><br><\/div>Consulting<\/a><\/h2>\t\t\t\t<\/div>\n\t\t\t\t<\/div>\n\t\t\t\t<div class=\"elementor-element elementor-element-7dceb64 elementor-widget elementor-widget-heading\" data-id=\"7dceb64\" data-element_type=\"widget\" data-widget_type=\"heading.default\">\n\t\t\t\t<div class=\"elementor-widget-container\">\n\t\t\t\t\t<h2 class=\"elementor-heading-title elementor-size-default\"><a href=\"#Training\"><div><br><\/div>Training<\/a><\/h2>\t\t\t\t<\/div>\n\t\t\t\t<\/div>\n\t\t\t\t<div class=\"elementor-element elementor-element-5318805 elementor-widget elementor-widget-heading\" data-id=\"5318805\" data-element_type=\"widget\" data-widget_type=\"heading.default\">\n\t\t\t\t<div class=\"elementor-widget-container\">\n\t\t\t\t\t<h2 class=\"elementor-heading-title elementor-size-default\"><a href=\"#Keynotes\"><div><br><\/div>Keynotes<\/a><\/h2>\t\t\t\t<\/div>\n\t\t\t\t<\/div>\n\t\t\t\t<\/div>\n\t\t<div class=\"elementor-element elementor-element-6ce05c11 e-grid elementor-hidden-mobile e-con-boxed e-con e-child\" data-id=\"6ce05c11\" data-element_type=\"container\">\n\t\t\t\t\t<div class=\"e-con-inner\">\n\t\t\t\t<div class=\"elementor-element elementor-element-1e6a6f9 elementor-widget elementor-widget-heading\" data-id=\"1e6a6f9\" data-element_type=\"widget\" data-widget_type=\"heading.default\">\n\t\t\t\t<div class=\"elementor-widget-container\">\n\t\t\t\t\t<h2 class=\"elementor-heading-title elementor-size-default\"><a href=\"#Beratung\"><div><br><\/div>Consulting<\/a><\/h2>\t\t\t\t<\/div>\n\t\t\t\t<\/div>\n\t\t\t\t<div class=\"elementor-element elementor-element-13effb9 elementor-widget elementor-widget-heading\" data-id=\"13effb9\" data-element_type=\"widget\" data-widget_type=\"heading.default\">\n\t\t\t\t<div class=\"elementor-widget-container\">\n\t\t\t\t\t<h2 class=\"elementor-heading-title elementor-size-default\"><a href=\"#Training\"><div><br><\/div>Training<\/a><\/h2>\t\t\t\t<\/div>\n\t\t\t\t<\/div>\n\t\t\t\t<div class=\"elementor-element elementor-element-9be4d94 elementor-widget elementor-widget-heading\" data-id=\"9be4d94\" data-element_type=\"widget\" data-widget_type=\"heading.default\">\n\t\t\t\t<div class=\"elementor-widget-container\">\n\t\t\t\t\t<h2 class=\"elementor-heading-title elementor-size-default\"><a href=\"#Keynotes\"><div><br><\/div>Keynotes<\/a><\/h2>\t\t\t\t<\/div>\n\t\t\t\t<\/div>\n\t\t\t\t<div class=\"elementor-element elementor-element-fafdf95 elementor-hidden-mobile elementor-widget elementor-widget-spacer\" data-id=\"fafdf95\" data-element_type=\"widget\" data-widget_type=\"spacer.default\">\n\t\t\t\t<div class=\"elementor-widget-container\">\n\t\t\t\t\t\t\t<div class=\"elementor-spacer\">\n\t\t\t<div class=\"elementor-spacer-inner\"><\/div>\n\t\t<\/div>\n\t\t\t\t\t\t<\/div>\n\t\t\t\t<\/div>\n\t\t\t\t\t<\/div>\n\t\t\t\t<\/div>\n\t\t\t\t<div class=\"elementor-element elementor-element-62b56c07 elementor-hidden-mobile elementor-widget elementor-widget-spacer\" data-id=\"62b56c07\" data-element_type=\"widget\" data-widget_type=\"spacer.default\">\n\t\t\t\t<div class=\"elementor-widget-container\">\n\t\t\t\t\t\t\t<div class=\"elementor-spacer\">\n\t\t\t<div class=\"elementor-spacer-inner\"><\/div>\n\t\t<\/div>\n\t\t\t\t\t\t<\/div>\n\t\t\t\t<\/div>\n\t\t\t\t<div class=\"elementor-element elementor-element-2727497f elementor-widget elementor-widget-menu-anchor\" data-id=\"2727497f\" data-element_type=\"widget\" data-widget_type=\"menu-anchor.default\">\n\t\t\t\t<div class=\"elementor-widget-container\">\n\t\t\t\t\t\t\t<div class=\"elementor-menu-anchor\" id=\"Beratung\"><\/div>\n\t\t\t\t\t\t<\/div>\n\t\t\t\t<\/div>\n\t\t\t\t<div class=\"elementor-element elementor-element-4d4a6b7e elementor-widget__width-auto elementor-widget elementor-widget-skt-unfold skt-addon skt-unfold\" data-id=\"4d4a6b7e\" data-element_type=\"widget\" data-settings=\"{&quot;unfold_text&quot;:&quot;Mehr lesen...&quot;,&quot;fold_text&quot;:&quot;Weniger&quot;,&quot;_animation&quot;:&quot;none&quot;,&quot;fold_height&quot;:455,&quot;fold_height_mobile&quot;:180,&quot;fold_height_tablet&quot;:380,&quot;trigger&quot;:&quot;click&quot;,&quot;transition_duration&quot;:500,&quot;unfold_icon&quot;:{&quot;value&quot;:&quot;&quot;,&quot;library&quot;:&quot;&quot;},&quot;fold_icon&quot;:{&quot;value&quot;:&quot;&quot;,&quot;library&quot;:&quot;&quot;}}\" data-widget_type=\"skt-unfold.default\">\n\t\t\t\t<div class=\"elementor-widget-container\">\n\t\t\t\t\t\t\t<div class=\"skt-unfold-widget-wrapper\">\r\n\t\t\t\t\t\t<h2 class=\"skt-unfold-heading\">Consulting and Change Management<\/h2>\t\t\t\t\t\t<div class=\"skt-unfold-data\">\r\n\t\t\t\t<div class=\"skt-unfold-data-render\">\r\n\t\t\t\t\t<p style=\"text-align: center\"><img fetchpriority=\"high\" decoding=\"async\" class=\"wp-image-753\" src=\"https:\/\/bollhoefer-coaching.de\/wp-content\/uploads\/2025\/03\/SonnebrilleSkale.png\" alt=\"\" width=\"700\" height=\"455\" srcset=\"https:\/\/www.bollhoefer-coaching.de\/wp-content\/uploads\/2025\/03\/SonnebrilleSkale.png 884w, https:\/\/www.bollhoefer-coaching.de\/wp-content\/uploads\/2025\/03\/SonnebrilleSkale-300x195.png 300w, https:\/\/www.bollhoefer-coaching.de\/wp-content\/uploads\/2025\/03\/SonnebrilleSkale-768x500.png 768w\" sizes=\"(max-width: 700px) 100vw, 700px\" \/><\/p><ul><li style=\"text-align: left\">Design and implementation of new learning and development offerings; e.g. internal\/external training, academy design, tailored coaching offerings, etc.<\/li><li style=\"text-align: left\">Umsetzung multiprofessioneller Teams und Neuorganisation der Zusammenarbeit<\/li><li style=\"text-align: left\">Culture and leadership analysis<\/li><li style=\"text-align: left\">Employee satisfaction and motivation surveys<\/li><li style=\"text-align: left\">Implementation of assessment centres<\/li><\/ul>\t\t\t\t<\/div>\r\n\t\t\t<\/div>\r\n\r\n\t\t\t\t\t\t\t<button class=\"skt-unfold-btn skt-unfold-icon-after\">\r\n\t\t\t\t\t\t\t\t\t\t\t\t\t\t\t\t<span>Read more<\/span>\r\n\t\t\t\t\t\t\t\t\t<\/button>\r\n\t\t\t\t\t<\/div>\r\n\t\t\t\t\t\t<\/div>\n\t\t\t\t<\/div>\n\t\t\t\t<div class=\"elementor-element elementor-element-a4a0ad3 elementor-widget elementor-widget-menu-anchor\" data-id=\"a4a0ad3\" data-element_type=\"widget\" data-widget_type=\"menu-anchor.default\">\n\t\t\t\t<div class=\"elementor-widget-container\">\n\t\t\t\t\t\t\t<div class=\"elementor-menu-anchor\" id=\"Training\"><\/div>\n\t\t\t\t\t\t<\/div>\n\t\t\t\t<\/div>\n\t\t\t\t<div class=\"elementor-element elementor-element-4078e0f1 elementor-widget__width-auto elementor-widget elementor-widget-skt-unfold skt-addon skt-unfold\" data-id=\"4078e0f1\" data-element_type=\"widget\" data-settings=\"{&quot;unfold_text&quot;:&quot;Mehr lesen...&quot;,&quot;fold_text&quot;:&quot;Weniger anzeigen&quot;,&quot;_animation&quot;:&quot;none&quot;,&quot;fold_height&quot;:455,&quot;fold_height_mobile&quot;:180,&quot;fold_height_tablet&quot;:380,&quot;trigger&quot;:&quot;click&quot;,&quot;transition_duration&quot;:500,&quot;unfold_icon&quot;:{&quot;value&quot;:&quot;&quot;,&quot;library&quot;:&quot;&quot;},&quot;fold_icon&quot;:{&quot;value&quot;:&quot;&quot;,&quot;library&quot;:&quot;&quot;}}\" data-widget_type=\"skt-unfold.default\">\n\t\t\t\t<div class=\"elementor-widget-container\">\n\t\t\t\t\t\t\t<div class=\"skt-unfold-widget-wrapper\">\r\n\t\t\t\t\t\t<h2 class=\"skt-unfold-heading\">Training<\/h2>\t\t\t\t\t\t<div class=\"skt-unfold-data\">\r\n\t\t\t\t<div class=\"skt-unfold-data-render\">\r\n\t\t\t\t\t<p style=\"text-align: left\"><img decoding=\"async\" class=\"alignnone wp-image-754\" src=\"https:\/\/bollhoefer-coaching.de\/wp-content\/uploads\/2025\/03\/TeensSkale.png\" alt=\"\" width=\"700\" height=\"455\" srcset=\"https:\/\/www.bollhoefer-coaching.de\/wp-content\/uploads\/2025\/03\/TeensSkale.png 884w, https:\/\/www.bollhoefer-coaching.de\/wp-content\/uploads\/2025\/03\/TeensSkale-300x195.png 300w, https:\/\/www.bollhoefer-coaching.de\/wp-content\/uploads\/2025\/03\/TeensSkale-768x500.png 768w\" sizes=\"(max-width: 700px) 100vw, 700px\" \/><\/p><ul><li style=\"text-align: left\">Team building and team motivation<\/li><li style=\"text-align: left\">Leadership workshops: for example delegation, feedback, leading discussions<\/li><li style=\"text-align: left\">Presenting and communicating effectively<\/li><li style=\"text-align: left\">Personal branding including video feedback<\/li><li style=\"text-align: left\">Emotional intelligence<\/li><li style=\"text-align: left\">Resilience and mental health awareness<\/li><li style=\"text-align: left\">Interview training<\/li><\/ul>\t\t\t\t<\/div>\r\n\t\t\t<\/div>\r\n\r\n\t\t\t\t\t\t\t<button class=\"skt-unfold-btn skt-unfold-icon-before\">\r\n\t\t\t\t\t\t\t\t\t\t\t\t\t\t\t\t<span>Read more<\/span>\r\n\t\t\t\t\t\t\t\t\t<\/button>\r\n\t\t\t\t\t<\/div>\r\n\t\t\t\t\t\t<\/div>\n\t\t\t\t<\/div>\n\t\t\t\t<div class=\"elementor-element elementor-element-ea8c0a3 elementor-widget elementor-widget-menu-anchor\" data-id=\"ea8c0a3\" data-element_type=\"widget\" data-widget_type=\"menu-anchor.default\">\n\t\t\t\t<div class=\"elementor-widget-container\">\n\t\t\t\t\t\t\t<div class=\"elementor-menu-anchor\" id=\"Keynotes\"><\/div>\n\t\t\t\t\t\t<\/div>\n\t\t\t\t<\/div>\n\t\t\t\t<div class=\"elementor-element elementor-element-490ca2af elementor-widget__width-auto elementor-widget elementor-widget-skt-unfold skt-addon skt-unfold\" data-id=\"490ca2af\" data-element_type=\"widget\" data-settings=\"{&quot;unfold_text&quot;:&quot;Mehr lesen...&quot;,&quot;fold_text&quot;:&quot;Weniger anzeigen&quot;,&quot;_animation&quot;:&quot;none&quot;,&quot;fold_height&quot;:455,&quot;fold_height_mobile&quot;:180,&quot;fold_height_tablet&quot;:380,&quot;trigger&quot;:&quot;click&quot;,&quot;transition_duration&quot;:500,&quot;unfold_icon&quot;:{&quot;value&quot;:&quot;&quot;,&quot;library&quot;:&quot;&quot;},&quot;fold_icon&quot;:{&quot;value&quot;:&quot;&quot;,&quot;library&quot;:&quot;&quot;}}\" data-widget_type=\"skt-unfold.default\">\n\t\t\t\t<div class=\"elementor-widget-container\">\n\t\t\t\t\t\t\t<div class=\"skt-unfold-widget-wrapper\">\r\n\t\t\t\t\t\t<h2 class=\"skt-unfold-heading\">Keynotes<\/h2>\t\t\t\t\t\t<div class=\"skt-unfold-data\">\r\n\t\t\t\t<div class=\"skt-unfold-data-render\">\r\n\t\t\t\t\t<p><img decoding=\"async\" class=\"alignnone wp-image-755\" src=\"https:\/\/bollhoefer-coaching.de\/wp-content\/uploads\/2025\/03\/HastagSkale.png\" alt=\"\" width=\"700\" height=\"455\" srcset=\"https:\/\/www.bollhoefer-coaching.de\/wp-content\/uploads\/2025\/03\/HastagSkale.png 884w, https:\/\/www.bollhoefer-coaching.de\/wp-content\/uploads\/2025\/03\/HastagSkale-300x195.png 300w, https:\/\/www.bollhoefer-coaching.de\/wp-content\/uploads\/2025\/03\/HastagSkale-768x500.png 768w\" sizes=\"(max-width: 700px) 100vw, 700px\" \/><\/p><p>Frequently booked<\/p><ul><li style=\"text-align: left\">Factors for the success of women's careers<\/li><li style=\"text-align: left\">Synergies in inter-generational cooperation<\/li><li style=\"text-align: left\">Resilience and mental health<\/li><li style=\"text-align: left\">The power of coaching and the conditions for the effectiveness of coaching in companies or organisations<\/li><\/ul>\t\t\t\t<\/div>\r\n\t\t\t<\/div>\r\n\r\n\t\t\t\t\t\t\t<button class=\"skt-unfold-btn skt-unfold-icon-before\">\r\n\t\t\t\t\t\t\t\t\t\t\t\t\t\t\t\t<span>Read more<\/span>\r\n\t\t\t\t\t\t\t\t\t<\/button>\r\n\t\t\t\t\t<\/div>\r\n\t\t\t\t\t\t<\/div>\n\t\t\t\t<\/div>\n\t\t\t\t<div class=\"elementor-element elementor-element-3df5b0b elementor-widget elementor-widget-spacer\" data-id=\"3df5b0b\" data-element_type=\"widget\" data-widget_type=\"spacer.default\">\n\t\t\t\t<div class=\"elementor-widget-container\">\n\t\t\t\t\t\t\t<div class=\"elementor-spacer\">\n\t\t\t<div class=\"elementor-spacer-inner\"><\/div>\n\t\t<\/div>\n\t\t\t\t\t\t<\/div>\n\t\t\t\t<\/div>\n\t\t\t\t\t<\/div>\n\t\t\t\t<\/div>\n\t\t\t\t<\/div>","protected":false},"excerpt":{"rendered":"<p>Beratung Training Keynotes Beratung Training Keynotes Beratung und Change Management Konzeption und Implementierung von Angeboten der Personalentwicklung; zum Beispiel interne \/ externe Trainings, Academy-Design, passgenaue Coachingangebote etc. Umsetzung multiprofessioneller Teams und Neuorganisation der Zusammenarbeit Analyse der F\u00fchrungskultur und der Organisationskultur Analyse der Zufriedenheit und Motivationslage der Mitarbeiter:innen Durchf\u00fchrung von Assessment-Centern Mehr lesen&#8230; Training Teambildung, St\u00e4rkung [&hellip;]<\/p>\n","protected":false},"author":1,"featured_media":0,"parent":0,"menu_order":0,"comment_status":"closed","ping_status":"closed","template":"","meta":{"footnotes":""},"class_list":["post-37","page","type-page","status-publish","hentry"],"yoast_head":"<!-- This site is optimized with the Yoast SEO plugin v27.4 - https:\/\/yoast.com\/product\/yoast-seo-wordpress\/ -->\n<title>Beratung und Training - Gabriele Bollh\u00f6fer Coaching<\/title>\n<meta name=\"robots\" content=\"index, follow, max-snippet:-1, max-image-preview:large, max-video-preview:-1\" \/>\n<link rel=\"canonical\" href=\"https:\/\/www.bollhoefer-coaching.de\/en\/beratung-und-training\/\" \/>\n<meta property=\"og:locale\" content=\"en_US\" \/>\n<meta property=\"og:type\" content=\"article\" \/>\n<meta property=\"og:title\" content=\"Beratung und Training - Gabriele Bollh\u00f6fer Coaching\" \/>\n<meta property=\"og:description\" content=\"Beratung Training Keynotes Beratung Training Keynotes Beratung und Change Management Konzeption und Implementierung von Angeboten der Personalentwicklung; zum Beispiel interne \/ externe Trainings, Academy-Design, passgenaue Coachingangebote etc. Umsetzung multiprofessioneller Teams und Neuorganisation der Zusammenarbeit Analyse der F\u00fchrungskultur und der Organisationskultur Analyse der Zufriedenheit und Motivationslage der Mitarbeiter:innen Durchf\u00fchrung von Assessment-Centern Mehr lesen&#8230; Training Teambildung, St\u00e4rkung [&hellip;]\" \/>\n<meta property=\"og:url\" content=\"https:\/\/www.bollhoefer-coaching.de\/en\/beratung-und-training\/\" \/>\n<meta property=\"og:site_name\" content=\"Gabriele Bollh\u00f6fer Coaching\" \/>\n<meta property=\"article:modified_time\" content=\"2025-04-05T12:56:35+00:00\" \/>\n<meta property=\"og:image\" content=\"https:\/\/www.bollhoefer-coaching.de\/wp-content\/uploads\/2025\/03\/SonnebrilleSkale.png\" \/>\n\t<meta property=\"og:image:width\" content=\"884\" \/>\n\t<meta property=\"og:image:height\" content=\"575\" \/>\n\t<meta property=\"og:image:type\" content=\"image\/png\" \/>\n<meta name=\"twitter:card\" content=\"summary_large_image\" \/>\n<meta name=\"twitter:label1\" content=\"Est. reading time\" \/>\n\t<meta name=\"twitter:data1\" content=\"2 minutes\" \/>\n<script type=\"application\/ld+json\" class=\"yoast-schema-graph\">{\"@context\":\"https:\\\/\\\/schema.org\",\"@graph\":[{\"@type\":\"WebPage\",\"@id\":\"https:\\\/\\\/www.bollhoefer-coaching.de\\\/beratung-und-training\\\/\",\"url\":\"https:\\\/\\\/www.bollhoefer-coaching.de\\\/beratung-und-training\\\/\",\"name\":\"Beratung und Training - Gabriele Bollh\u00f6fer Coaching\",\"isPartOf\":{\"@id\":\"https:\\\/\\\/www.bollhoefer-coaching.de\\\/#website\"},\"primaryImageOfPage\":{\"@id\":\"https:\\\/\\\/www.bollhoefer-coaching.de\\\/beratung-und-training\\\/#primaryimage\"},\"image\":{\"@id\":\"https:\\\/\\\/www.bollhoefer-coaching.de\\\/beratung-und-training\\\/#primaryimage\"},\"thumbnailUrl\":\"https:\\\/\\\/bollhoefer-coaching.de\\\/wp-content\\\/uploads\\\/2025\\\/03\\\/SonnebrilleSkale.png\",\"datePublished\":\"2025-02-15T11:04:03+00:00\",\"dateModified\":\"2025-04-05T12:56:35+00:00\",\"breadcrumb\":{\"@id\":\"https:\\\/\\\/www.bollhoefer-coaching.de\\\/beratung-und-training\\\/#breadcrumb\"},\"inLanguage\":\"en-US\",\"potentialAction\":[{\"@type\":\"ReadAction\",\"target\":[\"https:\\\/\\\/www.bollhoefer-coaching.de\\\/beratung-und-training\\\/\"]}]},{\"@type\":\"ImageObject\",\"inLanguage\":\"en-US\",\"@id\":\"https:\\\/\\\/www.bollhoefer-coaching.de\\\/beratung-und-training\\\/#primaryimage\",\"url\":\"https:\\\/\\\/bollhoefer-coaching.de\\\/wp-content\\\/uploads\\\/2025\\\/03\\\/SonnebrilleSkale.png\",\"contentUrl\":\"https:\\\/\\\/bollhoefer-coaching.de\\\/wp-content\\\/uploads\\\/2025\\\/03\\\/SonnebrilleSkale.png\"},{\"@type\":\"BreadcrumbList\",\"@id\":\"https:\\\/\\\/www.bollhoefer-coaching.de\\\/beratung-und-training\\\/#breadcrumb\",\"itemListElement\":[{\"@type\":\"ListItem\",\"position\":1,\"name\":\"Startseite\",\"item\":\"https:\\\/\\\/www.bollhoefer-coaching.de\\\/\"},{\"@type\":\"ListItem\",\"position\":2,\"name\":\"Beratung und Training\"}]},{\"@type\":\"WebSite\",\"@id\":\"https:\\\/\\\/www.bollhoefer-coaching.de\\\/#website\",\"url\":\"https:\\\/\\\/www.bollhoefer-coaching.de\\\/\",\"name\":\"Gabriele Bollh\u00f6fer Coaching\",\"description\":\"\",\"potentialAction\":[{\"@type\":\"SearchAction\",\"target\":{\"@type\":\"EntryPoint\",\"urlTemplate\":\"https:\\\/\\\/www.bollhoefer-coaching.de\\\/?s={search_term_string}\"},\"query-input\":{\"@type\":\"PropertyValueSpecification\",\"valueRequired\":true,\"valueName\":\"search_term_string\"}}],\"inLanguage\":\"en-US\"}]}<\/script>\n<!-- \/ Yoast SEO plugin. -->","yoast_head_json":{"title":"Beratung und Training - Gabriele Bollh\u00f6fer Coaching","robots":{"index":"index","follow":"follow","max-snippet":"max-snippet:-1","max-image-preview":"max-image-preview:large","max-video-preview":"max-video-preview:-1"},"canonical":"https:\/\/www.bollhoefer-coaching.de\/en\/beratung-und-training\/","og_locale":"en_US","og_type":"article","og_title":"Beratung und Training - Gabriele Bollh\u00f6fer Coaching","og_description":"Beratung Training Keynotes Beratung Training Keynotes Beratung und Change Management Konzeption und Implementierung von Angeboten der Personalentwicklung; zum Beispiel interne \/ externe Trainings, Academy-Design, passgenaue Coachingangebote etc. Umsetzung multiprofessioneller Teams und Neuorganisation der Zusammenarbeit Analyse der F\u00fchrungskultur und der Organisationskultur Analyse der Zufriedenheit und Motivationslage der Mitarbeiter:innen Durchf\u00fchrung von Assessment-Centern Mehr lesen&#8230; Training Teambildung, St\u00e4rkung [&hellip;]","og_url":"https:\/\/www.bollhoefer-coaching.de\/en\/beratung-und-training\/","og_site_name":"Gabriele Bollh\u00f6fer Coaching","article_modified_time":"2025-04-05T12:56:35+00:00","og_image":[{"width":884,"height":575,"url":"https:\/\/www.bollhoefer-coaching.de\/wp-content\/uploads\/2025\/03\/SonnebrilleSkale.png","type":"image\/png"}],"twitter_card":"summary_large_image","twitter_misc":{"Est. reading time":"2 minutes"},"schema":{"@context":"https:\/\/schema.org","@graph":[{"@type":"WebPage","@id":"https:\/\/www.bollhoefer-coaching.de\/beratung-und-training\/","url":"https:\/\/www.bollhoefer-coaching.de\/beratung-und-training\/","name":"Beratung und Training - Gabriele Bollh\u00f6fer Coaching","isPartOf":{"@id":"https:\/\/www.bollhoefer-coaching.de\/#website"},"primaryImageOfPage":{"@id":"https:\/\/www.bollhoefer-coaching.de\/beratung-und-training\/#primaryimage"},"image":{"@id":"https:\/\/www.bollhoefer-coaching.de\/beratung-und-training\/#primaryimage"},"thumbnailUrl":"https:\/\/bollhoefer-coaching.de\/wp-content\/uploads\/2025\/03\/SonnebrilleSkale.png","datePublished":"2025-02-15T11:04:03+00:00","dateModified":"2025-04-05T12:56:35+00:00","breadcrumb":{"@id":"https:\/\/www.bollhoefer-coaching.de\/beratung-und-training\/#breadcrumb"},"inLanguage":"en-US","potentialAction":[{"@type":"ReadAction","target":["https:\/\/www.bollhoefer-coaching.de\/beratung-und-training\/"]}]},{"@type":"ImageObject","inLanguage":"en-US","@id":"https:\/\/www.bollhoefer-coaching.de\/beratung-und-training\/#primaryimage","url":"https:\/\/bollhoefer-coaching.de\/wp-content\/uploads\/2025\/03\/SonnebrilleSkale.png","contentUrl":"https:\/\/bollhoefer-coaching.de\/wp-content\/uploads\/2025\/03\/SonnebrilleSkale.png"},{"@type":"BreadcrumbList","@id":"https:\/\/www.bollhoefer-coaching.de\/beratung-und-training\/#breadcrumb","itemListElement":[{"@type":"ListItem","position":1,"name":"Startseite","item":"https:\/\/www.bollhoefer-coaching.de\/"},{"@type":"ListItem","position":2,"name":"Beratung und Training"}]},{"@type":"WebSite","@id":"https:\/\/www.bollhoefer-coaching.de\/#website","url":"https:\/\/www.bollhoefer-coaching.de\/","name":"Gabriele Bollh\u00f6fer Coaching","description":"","potentialAction":[{"@type":"SearchAction","target":{"@type":"EntryPoint","urlTemplate":"https:\/\/www.bollhoefer-coaching.de\/?s={search_term_string}"},"query-input":{"@type":"PropertyValueSpecification","valueRequired":true,"valueName":"search_term_string"}}],"inLanguage":"en-US"}]}},"_links":{"self":[{"href":"https:\/\/www.bollhoefer-coaching.de\/en\/wp-json\/wp\/v2\/pages\/37","targetHints":{"allow":["GET"]}}],"collection":[{"href":"https:\/\/www.bollhoefer-coaching.de\/en\/wp-json\/wp\/v2\/pages"}],"about":[{"href":"https:\/\/www.bollhoefer-coaching.de\/en\/wp-json\/wp\/v2\/types\/page"}],"author":[{"embeddable":true,"href":"https:\/\/www.bollhoefer-coaching.de\/en\/wp-json\/wp\/v2\/users\/1"}],"replies":[{"embeddable":true,"href":"https:\/\/www.bollhoefer-coaching.de\/en\/wp-json\/wp\/v2\/comments?post=37"}],"version-history":[{"count":31,"href":"https:\/\/www.bollhoefer-coaching.de\/en\/wp-json\/wp\/v2\/pages\/37\/revisions"}],"predecessor-version":[{"id":2768,"href":"https:\/\/www.bollhoefer-coaching.de\/en\/wp-json\/wp\/v2\/pages\/37\/revisions\/2768"}],"wp:attachment":[{"href":"https:\/\/www.bollhoefer-coaching.de\/en\/wp-json\/wp\/v2\/media?parent=37"}],"curies":[{"name":"wp","href":"https:\/\/api.w.org\/{rel}","templated":true}]}}