{"id":49,"date":"2025-02-15T14:51:02","date_gmt":"2025-02-15T14:51:02","guid":{"rendered":"http:\/\/bollhoefer-coaching.de\/?page_id=49"},"modified":"2025-04-03T11:46:49","modified_gmt":"2025-04-03T11:46:49","slug":"paarberatung","status":"publish","type":"page","link":"https:\/\/www.bollhoefer-coaching.de\/en\/paarberatung\/","title":{"rendered":"Couples Counseling"},"content":{"rendered":"<div data-elementor-type=\"wp-page\" data-elementor-id=\"49\" class=\"elementor elementor-49\">\n\t\t\t\t<div class=\"elementor-element elementor-element-627a661c e-flex e-con-boxed e-con e-parent\" data-id=\"627a661c\" data-element_type=\"container\" data-settings=\"{&quot;background_background&quot;:&quot;classic&quot;}\">\n\t\t\t\t\t<div class=\"e-con-inner\">\n\t\t<div class=\"elementor-element elementor-element-6ca59372 e-flex e-con-boxed e-con e-child\" data-id=\"6ca59372\" data-element_type=\"container\">\n\t\t\t\t\t<div class=\"e-con-inner\">\n\t\t\t\t<div class=\"elementor-element elementor-element-59d695b0 elementor-widget-mobile__width-initial elementor-widget elementor-widget-heading\" data-id=\"59d695b0\" data-element_type=\"widget\" data-widget_type=\"heading.default\">\n\t\t\t\t<div class=\"elementor-widget-container\">\n\t\t\t\t\t<h2 class=\"elementor-heading-title elementor-size-default\"><div><br><\/div>Couples Counseling<\/h2>\t\t\t\t<\/div>\n\t\t\t\t<\/div>\n\t\t\t\t<div class=\"elementor-element elementor-element-4fbec58a elementor-widget elementor-widget-spacer\" data-id=\"4fbec58a\" data-element_type=\"widget\" data-widget_type=\"spacer.default\">\n\t\t\t\t<div class=\"elementor-widget-container\">\n\t\t\t\t\t\t\t<div class=\"elementor-spacer\">\n\t\t\t<div class=\"elementor-spacer-inner\"><\/div>\n\t\t<\/div>\n\t\t\t\t\t\t<\/div>\n\t\t\t\t<\/div>\n\t\t<div class=\"elementor-element elementor-element-5748acef e-con-full e-flex e-con e-child\" data-id=\"5748acef\" data-element_type=\"container\">\n\t\t\t\t<div class=\"elementor-element elementor-element-b68e751 elementor-widget__width-initial skt-has-bg-overlay elementor-widget elementor-widget-text-editor\" data-id=\"b68e751\" data-element_type=\"widget\" data-widget_type=\"text-editor.default\">\n\t\t\t\t<div class=\"elementor-widget-container\">\n\t\t\t\t\t\t\t\t\t<p>Couples counseling is a professional support offered to couples who are experiencing difficulties in their relationship or who wish to improve their partnership. A psychologically trained professional can often help to identify problems, uncover communication patterns and find solutions.<\/p>\t\t\t\t\t\t\t\t<\/div>\n\t\t\t\t<\/div>\n\t\t\t\t<div class=\"elementor-element elementor-element-9fce856 elementor-widget elementor-widget-image\" data-id=\"9fce856\" data-element_type=\"widget\" data-widget_type=\"image.default\">\n\t\t\t\t<div class=\"elementor-widget-container\">\n\t\t\t\t\t\t\t\t\t\t\t\t\t\t\t<img fetchpriority=\"high\" decoding=\"async\" width=\"1024\" height=\"768\" src=\"https:\/\/www.bollhoefer-coaching.de\/wp-content\/uploads\/2025\/03\/IMG_7319-1024x768.jpg\" class=\"attachment-large size-large wp-image-462\" alt=\"\" srcset=\"https:\/\/www.bollhoefer-coaching.de\/wp-content\/uploads\/2025\/03\/IMG_7319-1024x768.jpg 1024w, https:\/\/www.bollhoefer-coaching.de\/wp-content\/uploads\/2025\/03\/IMG_7319-300x225.jpg 300w, https:\/\/www.bollhoefer-coaching.de\/wp-content\/uploads\/2025\/03\/IMG_7319-768x576.jpg 768w, https:\/\/www.bollhoefer-coaching.de\/wp-content\/uploads\/2025\/03\/IMG_7319-1536x1152.jpg 1536w, https:\/\/www.bollhoefer-coaching.de\/wp-content\/uploads\/2025\/03\/IMG_7319.jpg 2016w\" sizes=\"(max-width: 1024px) 100vw, 1024px\" \/>\t\t\t\t\t\t\t\t\t\t\t\t\t\t\t<\/div>\n\t\t\t\t<\/div>\n\t\t\t\t<div class=\"elementor-element elementor-element-8b1d008 elementor-widget__width-initial skt-has-bg-overlay elementor-widget elementor-widget-text-editor\" data-id=\"8b1d008\" data-element_type=\"widget\" data-widget_type=\"text-editor.default\">\n\t\t\t\t<div class=\"elementor-widget-container\">\n\t\t\t\t\t\t\t\t\t<p>Couples counseling is a professional support offered to couples who are experiencing difficulties in their relationship or who wish to improve their partnership. A psychologically trained professional can often help to identify problems, uncover communication patterns and find solutions.<\/p><p>The aim is usually to rebuild understanding, respect and closeness in the relationship, and to decide whether splitting up is the best option.<\/p><p>I use the methodology developed by Thea Bauridl, widely regarded as the founder of transactional analysis. Please note that couples counseling is not a therapeutic cash service. Couples are responsible for the costs of the counselling themselves.<\/p><p>To arrange a preliminary telephone consultation, please contact me via phone or email. The talks take place in practice rooms in Cologne, which is a neutral place for both partners. You can decide how many conversations you want to have, and you can change this as you go along.<\/p>\t\t\t\t\t\t\t\t<\/div>\n\t\t\t\t<\/div>\n\t\t\t\t<\/div>\n\t\t\t\t\t<\/div>\n\t\t\t\t<\/div>\n\t\t\t\t\t<\/div>\n\t\t\t\t<\/div>\n\t\t\t\t<\/div>","protected":false},"excerpt":{"rendered":"<p>Paarberatung Paarberatung ist eine professionelle Unterst\u00fctzung f\u00fcr Paare, die Schwierigkeiten in ihrer Beziehung haben oder ihre Partnerschaft verbessern m\u00f6chten. Ein psychologisch geschulter Blick hilft oft, Probleme der Partner zu erkennen, Kommunikationsmuster aufzudecken und L\u00f6sungswege zu finden. In der Beratung kann es um viele Themen gehen, zum Beispiel um fehlende N\u00e4he, unterschiedliche Bed\u00fcrfnisse und Erwartungen, sexuelle [&hellip;]<\/p>\n","protected":false},"author":1,"featured_media":0,"parent":0,"menu_order":0,"comment_status":"closed","ping_status":"closed","template":"","meta":{"footnotes":""},"class_list":["post-49","page","type-page","status-publish","hentry"],"yoast_head":"<!-- This site is optimized with the Yoast SEO plugin v27.4 - https:\/\/yoast.com\/product\/yoast-seo-wordpress\/ -->\n<title>Paarberatung - Gabriele Bollh\u00f6fer Coaching<\/title>\n<meta name=\"robots\" content=\"index, follow, max-snippet:-1, max-image-preview:large, max-video-preview:-1\" \/>\n<link rel=\"canonical\" href=\"https:\/\/www.bollhoefer-coaching.de\/en\/paarberatung\/\" \/>\n<meta property=\"og:locale\" content=\"en_US\" \/>\n<meta property=\"og:type\" content=\"article\" \/>\n<meta property=\"og:title\" content=\"Paarberatung - Gabriele Bollh\u00f6fer Coaching\" \/>\n<meta property=\"og:description\" content=\"Paarberatung Paarberatung ist eine professionelle Unterst\u00fctzung f\u00fcr Paare, die Schwierigkeiten in ihrer Beziehung haben oder ihre Partnerschaft verbessern m\u00f6chten. Ein psychologisch geschulter Blick hilft oft, Probleme der Partner zu erkennen, Kommunikationsmuster aufzudecken und L\u00f6sungswege zu finden. In der Beratung kann es um viele Themen gehen, zum Beispiel um fehlende N\u00e4he, unterschiedliche Bed\u00fcrfnisse und Erwartungen, sexuelle [&hellip;]\" \/>\n<meta property=\"og:url\" content=\"https:\/\/www.bollhoefer-coaching.de\/en\/paarberatung\/\" \/>\n<meta property=\"og:site_name\" content=\"Gabriele Bollh\u00f6fer Coaching\" \/>\n<meta property=\"article:modified_time\" content=\"2025-04-03T11:46:49+00:00\" \/>\n<meta property=\"og:image\" content=\"https:\/\/bollhoefer-coaching.de\/wp-content\/uploads\/2025\/03\/IMG_7319-1024x768.jpg\" \/>\n<meta name=\"twitter:card\" content=\"summary_large_image\" \/>\n<meta name=\"twitter:label1\" content=\"Est. reading time\" \/>\n\t<meta name=\"twitter:data1\" content=\"2 minutes\" \/>\n<script type=\"application\/ld+json\" class=\"yoast-schema-graph\">{\"@context\":\"https:\\\/\\\/schema.org\",\"@graph\":[{\"@type\":\"WebPage\",\"@id\":\"https:\\\/\\\/www.bollhoefer-coaching.de\\\/paarberatung\\\/\",\"url\":\"https:\\\/\\\/www.bollhoefer-coaching.de\\\/paarberatung\\\/\",\"name\":\"Paarberatung - Gabriele Bollh\u00f6fer Coaching\",\"isPartOf\":{\"@id\":\"https:\\\/\\\/www.bollhoefer-coaching.de\\\/#website\"},\"primaryImageOfPage\":{\"@id\":\"https:\\\/\\\/www.bollhoefer-coaching.de\\\/paarberatung\\\/#primaryimage\"},\"image\":{\"@id\":\"https:\\\/\\\/www.bollhoefer-coaching.de\\\/paarberatung\\\/#primaryimage\"},\"thumbnailUrl\":\"https:\\\/\\\/bollhoefer-coaching.de\\\/wp-content\\\/uploads\\\/2025\\\/03\\\/IMG_7319-1024x768.jpg\",\"datePublished\":\"2025-02-15T14:51:02+00:00\",\"dateModified\":\"2025-04-03T11:46:49+00:00\",\"breadcrumb\":{\"@id\":\"https:\\\/\\\/www.bollhoefer-coaching.de\\\/paarberatung\\\/#breadcrumb\"},\"inLanguage\":\"en-US\",\"potentialAction\":[{\"@type\":\"ReadAction\",\"target\":[\"https:\\\/\\\/www.bollhoefer-coaching.de\\\/paarberatung\\\/\"]}]},{\"@type\":\"ImageObject\",\"inLanguage\":\"en-US\",\"@id\":\"https:\\\/\\\/www.bollhoefer-coaching.de\\\/paarberatung\\\/#primaryimage\",\"url\":\"https:\\\/\\\/bollhoefer-coaching.de\\\/wp-content\\\/uploads\\\/2025\\\/03\\\/IMG_7319-1024x768.jpg\",\"contentUrl\":\"https:\\\/\\\/bollhoefer-coaching.de\\\/wp-content\\\/uploads\\\/2025\\\/03\\\/IMG_7319-1024x768.jpg\"},{\"@type\":\"BreadcrumbList\",\"@id\":\"https:\\\/\\\/www.bollhoefer-coaching.de\\\/paarberatung\\\/#breadcrumb\",\"itemListElement\":[{\"@type\":\"ListItem\",\"position\":1,\"name\":\"Startseite\",\"item\":\"https:\\\/\\\/www.bollhoefer-coaching.de\\\/\"},{\"@type\":\"ListItem\",\"position\":2,\"name\":\"Paarberatung\"}]},{\"@type\":\"WebSite\",\"@id\":\"https:\\\/\\\/www.bollhoefer-coaching.de\\\/#website\",\"url\":\"https:\\\/\\\/www.bollhoefer-coaching.de\\\/\",\"name\":\"Gabriele Bollh\u00f6fer Coaching\",\"description\":\"\",\"potentialAction\":[{\"@type\":\"SearchAction\",\"target\":{\"@type\":\"EntryPoint\",\"urlTemplate\":\"https:\\\/\\\/www.bollhoefer-coaching.de\\\/?s={search_term_string}\"},\"query-input\":{\"@type\":\"PropertyValueSpecification\",\"valueRequired\":true,\"valueName\":\"search_term_string\"}}],\"inLanguage\":\"en-US\"}]}<\/script>\n<!-- \/ Yoast SEO plugin. -->","yoast_head_json":{"title":"Paarberatung - Gabriele Bollh\u00f6fer Coaching","robots":{"index":"index","follow":"follow","max-snippet":"max-snippet:-1","max-image-preview":"max-image-preview:large","max-video-preview":"max-video-preview:-1"},"canonical":"https:\/\/www.bollhoefer-coaching.de\/en\/paarberatung\/","og_locale":"en_US","og_type":"article","og_title":"Paarberatung - Gabriele Bollh\u00f6fer Coaching","og_description":"Paarberatung Paarberatung ist eine professionelle Unterst\u00fctzung f\u00fcr Paare, die Schwierigkeiten in ihrer Beziehung haben oder ihre Partnerschaft verbessern m\u00f6chten. Ein psychologisch geschulter Blick hilft oft, Probleme der Partner zu erkennen, Kommunikationsmuster aufzudecken und L\u00f6sungswege zu finden. In der Beratung kann es um viele Themen gehen, zum Beispiel um fehlende N\u00e4he, unterschiedliche Bed\u00fcrfnisse und Erwartungen, sexuelle [&hellip;]","og_url":"https:\/\/www.bollhoefer-coaching.de\/en\/paarberatung\/","og_site_name":"Gabriele Bollh\u00f6fer Coaching","article_modified_time":"2025-04-03T11:46:49+00:00","og_image":[{"url":"https:\/\/bollhoefer-coaching.de\/wp-content\/uploads\/2025\/03\/IMG_7319-1024x768.jpg","type":"","width":"","height":""}],"twitter_card":"summary_large_image","twitter_misc":{"Est. reading time":"2 minutes"},"schema":{"@context":"https:\/\/schema.org","@graph":[{"@type":"WebPage","@id":"https:\/\/www.bollhoefer-coaching.de\/paarberatung\/","url":"https:\/\/www.bollhoefer-coaching.de\/paarberatung\/","name":"Paarberatung - Gabriele Bollh\u00f6fer Coaching","isPartOf":{"@id":"https:\/\/www.bollhoefer-coaching.de\/#website"},"primaryImageOfPage":{"@id":"https:\/\/www.bollhoefer-coaching.de\/paarberatung\/#primaryimage"},"image":{"@id":"https:\/\/www.bollhoefer-coaching.de\/paarberatung\/#primaryimage"},"thumbnailUrl":"https:\/\/bollhoefer-coaching.de\/wp-content\/uploads\/2025\/03\/IMG_7319-1024x768.jpg","datePublished":"2025-02-15T14:51:02+00:00","dateModified":"2025-04-03T11:46:49+00:00","breadcrumb":{"@id":"https:\/\/www.bollhoefer-coaching.de\/paarberatung\/#breadcrumb"},"inLanguage":"en-US","potentialAction":[{"@type":"ReadAction","target":["https:\/\/www.bollhoefer-coaching.de\/paarberatung\/"]}]},{"@type":"ImageObject","inLanguage":"en-US","@id":"https:\/\/www.bollhoefer-coaching.de\/paarberatung\/#primaryimage","url":"https:\/\/bollhoefer-coaching.de\/wp-content\/uploads\/2025\/03\/IMG_7319-1024x768.jpg","contentUrl":"https:\/\/bollhoefer-coaching.de\/wp-content\/uploads\/2025\/03\/IMG_7319-1024x768.jpg"},{"@type":"BreadcrumbList","@id":"https:\/\/www.bollhoefer-coaching.de\/paarberatung\/#breadcrumb","itemListElement":[{"@type":"ListItem","position":1,"name":"Startseite","item":"https:\/\/www.bollhoefer-coaching.de\/"},{"@type":"ListItem","position":2,"name":"Paarberatung"}]},{"@type":"WebSite","@id":"https:\/\/www.bollhoefer-coaching.de\/#website","url":"https:\/\/www.bollhoefer-coaching.de\/","name":"Gabriele Bollh\u00f6fer Coaching","description":"","potentialAction":[{"@type":"SearchAction","target":{"@type":"EntryPoint","urlTemplate":"https:\/\/www.bollhoefer-coaching.de\/?s={search_term_string}"},"query-input":{"@type":"PropertyValueSpecification","valueRequired":true,"valueName":"search_term_string"}}],"inLanguage":"en-US"}]}},"_links":{"self":[{"href":"https:\/\/www.bollhoefer-coaching.de\/en\/wp-json\/wp\/v2\/pages\/49","targetHints":{"allow":["GET"]}}],"collection":[{"href":"https:\/\/www.bollhoefer-coaching.de\/en\/wp-json\/wp\/v2\/pages"}],"about":[{"href":"https:\/\/www.bollhoefer-coaching.de\/en\/wp-json\/wp\/v2\/types\/page"}],"author":[{"embeddable":true,"href":"https:\/\/www.bollhoefer-coaching.de\/en\/wp-json\/wp\/v2\/users\/1"}],"replies":[{"embeddable":true,"href":"https:\/\/www.bollhoefer-coaching.de\/en\/wp-json\/wp\/v2\/comments?post=49"}],"version-history":[{"count":1,"href":"https:\/\/www.bollhoefer-coaching.de\/en\/wp-json\/wp\/v2\/pages\/49\/revisions"}],"predecessor-version":[{"id":2714,"href":"https:\/\/www.bollhoefer-coaching.de\/en\/wp-json\/wp\/v2\/pages\/49\/revisions\/2714"}],"wp:attachment":[{"href":"https:\/\/www.bollhoefer-coaching.de\/en\/wp-json\/wp\/v2\/media?parent=49"}],"curies":[{"name":"wp","href":"https:\/\/api.w.org\/{rel}","templated":true}]}}